{"id":339,"date":"2023-01-16T12:00:14","date_gmt":"2023-01-16T11:00:14","guid":{"rendered":"https:\/\/drkoziej.com\/?page_id=339"},"modified":"2023-05-15T22:29:49","modified_gmt":"2023-05-15T20:29:49","slug":"poir","status":"publish","type":"page","link":"https:\/\/drkoziej.com\/en\/poir\/","title":{"rendered":"Realizujemy projekt dofinansowany z Funduszy Europejskich"},"content":{"rendered":"<p><strong>Tytu\u0142 projektu<br \/><\/strong><\/p>\n<p><strong><em>Zwi\u0119kszenie odporno\u015bci na czynniki losowe poprzez wdro\u017cenie systemu informatycznego do kompleksowej, cyfrowej obs\u0142ugi zlece\u0144<\/em><\/strong><\/p>\n<p><strong>Cel projektu<br \/><\/strong><\/p>\n<p>Utrzymanie ci\u0105g\u0142o\u015bci pracy laboratorium poprzez wprowadzenie cyfryzacji procesu biznesowego obs\u0142ugi zlece\u0144, kt\u00f3ry umo\u017cliwia: wyeliminowanie papierowego obiegu dokument\u00f3w, zdaln\u0105 obs\u0142ug\u0119 zada\u0144, \u015bledzenie stanu realizacji zlecenia przez Klienta i pracownik\u00f3w oraz podniesienie jako\u015bci obs\u0142ugi Klienta.<\/p>\n<p><strong>Planowane efekty<br \/><\/strong><\/p>\n<ul>\n<li>umo\u017cliwienie pracy zdalnej cz\u0119\u015bci pracownik\u00f3w,<\/li>\n<li>wyeliminowanie papierowego obiegu dokument\u00f3w,<\/li>\n<li>skr\u00f3cenie proces\u00f3w wewn\u0119trznych,<\/li>\n<li>ograniczenie ryzyka b\u0142\u0119d\u00f3w,<\/li>\n<li>podniesienie jako\u015bci obs\u0142ugi Klienta,<\/li>\n<li>Bardziej efektywna, szybsza i ca\u0142kowicie zdalna obs\u0142uga.<\/li>\n<\/ul>\n<p><strong>Warto\u015b\u0107 projektu: 300 000 PLN<br \/><\/strong><\/p>\n<p><strong>Warto\u015b\u0107 dofinansowania: 255 000 PLN<\/strong><\/p>\n<p>Sfinansowano w ramach reakcji Unii na pandemi\u0119 COVID-19<\/p>\n<p>\u00a0<\/p>\n\n\n<figure class=\"wp-block-image size-full\"><img loading=\"lazy\" decoding=\"async\" width=\"5496\" height=\"756\" src=\"https:\/\/drkoziej.com\/wp-content\/uploads\/2023\/01\/FE_POIR_poziom_pl_rgb.png\" alt=\"\" class=\"wp-image-330\" srcset=\"https:\/\/drkoziej.com\/wp-content\/uploads\/2023\/01\/FE_POIR_poziom_pl_rgb.png 5496w, https:\/\/drkoziej.com\/wp-content\/uploads\/2023\/01\/FE_POIR_poziom_pl_rgb-300x41.png 300w, https:\/\/drkoziej.com\/wp-content\/uploads\/2023\/01\/FE_POIR_poziom_pl_rgb-1024x141.png 1024w, https:\/\/drkoziej.com\/wp-content\/uploads\/2023\/01\/FE_POIR_poziom_pl_rgb-768x106.png 768w, https:\/\/drkoziej.com\/wp-content\/uploads\/2023\/01\/FE_POIR_poziom_pl_rgb-600x83.png 600w, https:\/\/drkoziej.com\/wp-content\/uploads\/2023\/01\/FE_POIR_poziom_pl_rgb-1536x211.png 1536w, https:\/\/drkoziej.com\/wp-content\/uploads\/2023\/01\/FE_POIR_poziom_pl_rgb-2048x282.png 2048w\" sizes=\"auto, (max-width: 5496px) 100vw, 5496px\" \/><\/figure>\n","protected":false},"excerpt":{"rendered":"<p>Tytu\u0142 projektu Zwi\u0119kszenie odporno\u015bci na czynniki losowe poprzez wdro\u017cenie systemu informatycznego do kompleksowej, cyfrowej obs\u0142ugi zlece\u0144 Cel projektu Utrzymanie ci\u0105g\u0142o\u015bci pracy laboratorium poprzez wprowadzenie cyfryzacji procesu biznesowego obs\u0142ugi zlece\u0144, kt\u00f3ry umo\u017cliwia: wyeliminowanie papierowego obiegu dokument\u00f3w, zdaln\u0105 obs\u0142ug\u0119 zada\u0144, \u015bledzenie stanu realizacji zlecenia przez Klienta i pracownik\u00f3w oraz podniesienie jako\u015bci obs\u0142ugi Klienta. Planowane efekty umo\u017cliwienie pracy&#8230;<\/p>\n","protected":false},"author":1,"featured_media":0,"parent":0,"menu_order":0,"comment_status":"closed","ping_status":"closed","template":"page-external.php","meta":{"_acf_changed":false,"footnotes":""},"class_list":["post-339","page","type-page","status-publish","hentry"],"acf":[],"_links":{"self":[{"href":"https:\/\/drkoziej.com\/en\/wp-json\/wp\/v2\/pages\/339","targetHints":{"allow":["GET"]}}],"collection":[{"href":"https:\/\/drkoziej.com\/en\/wp-json\/wp\/v2\/pages"}],"about":[{"href":"https:\/\/drkoziej.com\/en\/wp-json\/wp\/v2\/types\/page"}],"author":[{"embeddable":true,"href":"https:\/\/drkoziej.com\/en\/wp-json\/wp\/v2\/users\/1"}],"replies":[{"embeddable":true,"href":"https:\/\/drkoziej.com\/en\/wp-json\/wp\/v2\/comments?post=339"}],"version-history":[{"count":4,"href":"https:\/\/drkoziej.com\/en\/wp-json\/wp\/v2\/pages\/339\/revisions"}],"predecessor-version":[{"id":375,"href":"https:\/\/drkoziej.com\/en\/wp-json\/wp\/v2\/pages\/339\/revisions\/375"}],"wp:attachment":[{"href":"https:\/\/drkoziej.com\/en\/wp-json\/wp\/v2\/media?parent=339"}],"curies":[{"name":"wp","href":"https:\/\/api.w.org\/{rel}","templated":true}]}}